{"id":251,"date":"2022-01-15T20:49:29","date_gmt":"2022-01-15T19:49:29","guid":{"rendered":"https:\/\/serwer2147326.home.pl\/autoinstalator\/wordpressplugins\/?page_id=251"},"modified":"2022-01-15T21:00:19","modified_gmt":"2022-01-15T20:00:19","slug":"partnerzy-projektu","status":"publish","type":"page","link":"https:\/\/idziemygesiego.pl\/?page_id=251","title":{"rendered":"Sk\u0142ad Grupy Operacyjnej"},"content":{"rendered":"\t\t<div data-elementor-type=\"wp-page\" data-elementor-id=\"251\" class=\"elementor elementor-251\">\n\t\t\t\t\t\t<section class=\"elementor-section elementor-top-section elementor-element elementor-element-312c8fbe elementor-section-boxed elementor-section-height-default elementor-section-height-default\" data-id=\"312c8fbe\" data-element_type=\"section\">\n\t\t\t\t\t\t<div class=\"elementor-container elementor-column-gap-default\">\n\t\t\t\t\t<div class=\"elementor-column elementor-col-100 elementor-top-column elementor-element elementor-element-71717eaf\" data-id=\"71717eaf\" data-element_type=\"column\">\n\t\t\t<div class=\"elementor-widget-wrap elementor-element-populated\">\n\t\t\t\t\t\t<div class=\"elementor-element elementor-element-534df739 elementor-widget elementor-widget-text-editor\" data-id=\"534df739\" data-element_type=\"widget\" data-widget_type=\"text-editor.default\">\n\t\t\t\t<div class=\"elementor-widget-container\">\n\t\t\t\t\t\t\t<h1 class=\"western\">Partnerzy projektu<\/h1>\n<p><span style=\"font-family: Times New Roman, serif;\"><span style=\"font-size: medium;\"><b>Lider Grupy Operacyjnej &#8211; M\u015aP: <\/b><\/span><\/span><\/p>\n<p><span style=\"font-family: Times New Roman, serif;\"><span style=\"font-size: medium;\">TREDECIM Sp. z o.o. <\/span><\/span><\/p>\n<p><span style=\"font-family: Times New Roman, serif;\"><span style=\"font-size: medium;\">z siedzib\u0105 w Rybakach nr 30, 83-315 Szymbark<\/span><\/span><\/p>\n<p><span style=\"font-family: Times New Roman, serif;\"><span style=\"font-size: medium;\">posiadaj\u0105c\u0105 nr NIP: <span style=\"color: #000000;\">9512286211<\/span>, REGON: <span style=\"color: #000000;\">141877691<\/span>,KRS <span style=\"color: #000000;\">0000330520<\/span><\/span><\/span><\/p>\n<p><span style=\"font-family: Times New Roman, serif;\"><span style=\"font-size: medium;\">reprezentowana przez Ann\u0119 Wojciechowsk\u0105 \u2013 Prezesa Zarz\u0105du<\/span><\/span><\/p>\n<p>\u00a0<\/p>\n<p><span style=\"font-family: Times New Roman, serif;\"><span style=\"font-size: medium;\"><b>Cz\u0142onek Grupy Operacyjnej &#8211; rolnik:<\/b><\/span><\/span><\/p>\n<p><span style=\"font-family: Times New Roman, serif;\"><span style=\"font-size: medium;\">INM Sp. z o.o. <\/span><\/span><\/p>\n<p><span style=\"font-family: Times New Roman, serif;\"><span style=\"font-size: medium;\">z siedzib\u0105 w Gi\u017cycku, ul. Wodoci\u0105gowa 25 lok. 2, 11-500 Gi\u017cycko<\/span><\/span><\/p>\n<p><span style=\"font-family: Times New Roman, serif;\"><span style=\"font-size: medium;\">posiadaj\u0105c\u0105 nr NIP: <span style=\"color: #000000;\">8451860418<\/span>, REGON: <span style=\"color: #000000;\">519640077<\/span>, KRS <span style=\"color: #000000;\">0000407282<\/span><\/span><\/span><\/p>\n<p><span style=\"font-family: Times New Roman, serif;\"><span style=\"font-size: medium;\">reprezentowana przez Ann\u0119 G\u00f3rsk\u0105 \u2013 Prezesa Zarz\u0105du<\/span><\/span><\/p>\n<p>\u00a0<\/p>\n<p><span style=\"font-family: Times New Roman, serif;\"><span style=\"font-size: medium;\"><b>Jednostka naukowo-badawcza<\/b>: <\/span><\/span><\/p>\n<p><span style=\"font-family: Times New Roman, serif;\"><span style=\"font-size: medium;\">Instytut Technologiczno-Przyrodniczy <\/span><\/span><\/p>\n<p><span style=\"font-family: Times New Roman, serif;\"><span style=\"font-size: medium;\">z siedzib\u0105 w Falentach, Al. Hrabska 3, 05-090 Raszyn,<\/span><\/span><\/p>\n<p><span style=\"font-family: Times New Roman, serif;\"><span style=\"font-size: medium;\">posiadaj\u0105cym nr NIP: 5342437004, REGON: 142173348, KRS 0000346302<\/span><\/span><\/p>\n<p><span style=\"font-family: Times New Roman, serif;\"><span style=\"font-size: medium;\">reprezentowanym przez:<\/span><\/span><\/p>\n<p><span style=\"font-family: Times New Roman, serif;\"><span style=\"font-size: medium;\">dr Wac\u0142awa Romana Strobla\u2013Dyrektora Instytutu Technologiczno-Przyrodniczego <\/span><\/span><\/p>\t\t\t\t\t\t<\/div>\n\t\t\t\t<\/div>\n\t\t\t\t\t<\/div>\n\t\t<\/div>\n\t\t\t\t\t<\/div>\n\t\t<\/section>\n\t\t\t\t<\/div>\n\t\t","protected":false},"excerpt":{"rendered":"<p>Partnerzy projektu Lider Grupy Operacyjnej &#8211; M\u015aP: TREDECIM Sp. z o.o. z siedzib\u0105 w Rybakach nr 30, 83-315 Szymbark posiadaj\u0105c\u0105 nr NIP: 9512286211, REGON: 141877691,KRS 0000330520 reprezentowana przez Ann\u0119 Wojciechowsk\u0105 \u2013 Prezesa Zarz\u0105du Cz\u0142onek Grupy Operacyjnej &#8211; rolnik: INM Sp. z o.o. z siedzib\u0105 w Gi\u017cycku, ul. Wodoci\u0105gowa 25 lok. 2, 11-500 Gi\u017cycko posiadaj\u0105c\u0105 nr<\/p>\n<p><a href=\"https:\/\/idziemygesiego.pl\/?page_id=251\" class=\"more-link themebutton\">Czytaj wi\u0119cej<\/a><\/p>\n","protected":false},"author":1,"featured_media":0,"parent":0,"menu_order":0,"comment_status":"closed","ping_status":"closed","template":"","meta":{"_uag_custom_page_level_css":"","footnotes":""},"class_list":["post-251","page","type-page","status-publish","hentry"],"uagb_featured_image_src":{"full":false,"thumbnail":false,"medium":false,"medium_large":false,"large":false,"1536x1536":false,"2048x2048":false,"column1-1\/3":false,"column1-2\/3":false,"column1-1\/4":false,"column1-2\/5":false,"column2-1\/1":false,"column2-1\/2":false,"column2-2\/3":false,"column2-3\/5":false,"column3-1\/1":false,"column3-1\/2":false,"column3-1\/3":false,"column3-2\/3":false,"column4-1\/1":false,"column4-1\/2":false,"column4-2\/3":false},"uagb_author_info":{"display_name":"admin","author_link":"https:\/\/idziemygesiego.pl\/?author=1"},"uagb_comment_info":0,"uagb_excerpt":"Partnerzy projektu Lider Grupy Operacyjnej &#8211; M\u015aP: TREDECIM Sp. z o.o. z siedzib\u0105 w Rybakach nr 30, 83-315 Szymbark posiadaj\u0105c\u0105 nr NIP: 9512286211, REGON: 141877691,KRS 0000330520 reprezentowana przez Ann\u0119 Wojciechowsk\u0105 \u2013 Prezesa Zarz\u0105du Cz\u0142onek Grupy Operacyjnej &#8211; rolnik: INM Sp. z o.o. z siedzib\u0105 w Gi\u017cycku, ul. Wodoci\u0105gowa 25 lok. 2, 11-500 Gi\u017cycko posiadaj\u0105c\u0105 nrCzytaj&hellip;","_links":{"self":[{"href":"https:\/\/idziemygesiego.pl\/index.php?rest_route=\/wp\/v2\/pages\/251"}],"collection":[{"href":"https:\/\/idziemygesiego.pl\/index.php?rest_route=\/wp\/v2\/pages"}],"about":[{"href":"https:\/\/idziemygesiego.pl\/index.php?rest_route=\/wp\/v2\/types\/page"}],"author":[{"embeddable":true,"href":"https:\/\/idziemygesiego.pl\/index.php?rest_route=\/wp\/v2\/users\/1"}],"replies":[{"embeddable":true,"href":"https:\/\/idziemygesiego.pl\/index.php?rest_route=%2Fwp%2Fv2%2Fcomments&post=251"}],"version-history":[{"count":5,"href":"https:\/\/idziemygesiego.pl\/index.php?rest_route=\/wp\/v2\/pages\/251\/revisions"}],"predecessor-version":[{"id":262,"href":"https:\/\/idziemygesiego.pl\/index.php?rest_route=\/wp\/v2\/pages\/251\/revisions\/262"}],"wp:attachment":[{"href":"https:\/\/idziemygesiego.pl\/index.php?rest_route=%2Fwp%2Fv2%2Fmedia&parent=251"}],"curies":[{"name":"wp","href":"https:\/\/api.w.org\/{rel}","templated":true}]}}